{"id":25649,"date":"2025-09-23T00:00:42","date_gmt":"2025-09-23T00:00:42","guid":{"rendered":"https:\/\/www.cafoscarishop.it\/prodotto\/taxi\/"},"modified":"2026-04-29T00:07:30","modified_gmt":"2026-04-29T00:07:30","slug":"taxi","status":"publish","type":"product","link":"https:\/\/www.cafoscarishop.it\/en\/prodotto\/taxi\/","title":{"rendered":"Taxi"},"content":{"rendered":"<div><span style=\"text-align: left;float: none;\">Il meno democratico ma non meno iconico componente della flotta \u00e8 l\u2019emblema della dolce vita Veneziana; immancabile protagonista nelle scene di vita mondana e nei grandi eventi di gala, \u00e8 anche agile mezzo per raggiungere i pi\u00f9 remoti anfratti della citt\u00e0 di Venezia e della sua Laguna. Sinuoso e vibrante nella semplicit\u00e0 delle sue forme, materico e piacevole al tatto, sar\u00e0 attore incontrastato tra i complementi d\u2019arredo decorativi della vostra casa.<\/span><!--EndFragment--><\/p>\n<p><!--StartFragment--><span style=\"text-align: left;float: none;\">The least democratic but no less iconic vessel of the fleet, this piece is the epitome of Venice\u2019s dolce vita. An essential presence at glamorous events and galas, it\u2019s also a nimble means of reaching the remotest nooks and crannies of the city of Venice and its lagoon. Sinuous and vibrant in its simplicity, tactile, and pleasing to the touch, it becomes the unrivaled decorative addition to your home\u2019s furnishings.<\/span><!--EndFragment--><\/p>\n<p>17,3 cm x 4,5 cm<\/p>\n<\/div>\n","protected":false},"excerpt":{"rendered":"<p>Il meno democratico ma non meno iconico componente della flotta \u00e8 l\u2019emblema della dolce vita Veneziana; immancabile protagonista nelle scene di vita mondana e nei grandi eventi di gala, \u00e8 anche agile mezzo per raggiungere i pi\u00f9 remoti anfratti della citt\u00e0 di Venezia e della sua Laguna. Sinuoso e vibrante nella semplicit\u00e0 delle sue forme, [&hellip;]<\/p>\n","protected":false},"featured_media":25642,"comment_status":"open","ping_status":"closed","template":"","meta":{"_acf_changed":false},"product_cat":[190],"product_tag":[],"class_list":{"0":"post-25649","1":"product","2":"type-product","3":"status-publish","4":"has-post-thumbnail","6":"product_cat-accessori","8":"first","9":"instock","10":"shipping-taxable","11":"purchasable","12":"product-type-simple"},"acf":[],"_links":{"self":[{"href":"https:\/\/www.cafoscarishop.it\/en\/wp-json\/wp\/v2\/product\/25649","targetHints":{"allow":["GET"]}}],"collection":[{"href":"https:\/\/www.cafoscarishop.it\/en\/wp-json\/wp\/v2\/product"}],"about":[{"href":"https:\/\/www.cafoscarishop.it\/en\/wp-json\/wp\/v2\/types\/product"}],"replies":[{"embeddable":true,"href":"https:\/\/www.cafoscarishop.it\/en\/wp-json\/wp\/v2\/comments?post=25649"}],"version-history":[{"count":2,"href":"https:\/\/www.cafoscarishop.it\/en\/wp-json\/wp\/v2\/product\/25649\/revisions"}],"predecessor-version":[{"id":30711,"href":"https:\/\/www.cafoscarishop.it\/en\/wp-json\/wp\/v2\/product\/25649\/revisions\/30711"}],"wp:featuredmedia":[{"embeddable":true,"href":"https:\/\/www.cafoscarishop.it\/en\/wp-json\/wp\/v2\/media\/25642"}],"wp:attachment":[{"href":"https:\/\/www.cafoscarishop.it\/en\/wp-json\/wp\/v2\/media?parent=25649"}],"wp:term":[{"taxonomy":"product_cat","embeddable":true,"href":"https:\/\/www.cafoscarishop.it\/en\/wp-json\/wp\/v2\/product_cat?post=25649"},{"taxonomy":"product_tag","embeddable":true,"href":"https:\/\/www.cafoscarishop.it\/en\/wp-json\/wp\/v2\/product_tag?post=25649"}],"curies":[{"name":"wp","href":"https:\/\/api.w.org\/{rel}","templated":true}]}}